{"id":841,"date":"2022-12-29T13:18:41","date_gmt":"2022-12-29T13:18:41","guid":{"rendered":"https:\/\/eggregore.be\/?page_id=841"},"modified":"2023-04-05T12:12:28","modified_gmt":"2023-04-05T12:12:28","slug":"gleve","status":"publish","type":"page","link":"https:\/\/eggregore.be\/?page_id=841","title":{"rendered":"Gl&rsquo;\u00c8ve"},"content":{"rendered":"\n<p><\/p>\n\n\n<div class=\"gb-container gb-container-5e687653\"><div class=\"gb-inside-container\">\n<div class=\"gb-grid-wrapper gb-grid-wrapper-668e5acf\">\n<div class=\"gb-grid-column gb-grid-column-3333f3ed\"><div class=\"gb-container gb-container-3333f3ed\"><div class=\"gb-inside-container\">\n\n<h3 class=\"wp-block-heading has-text-align-center\">Gl&rsquo;\u00c8ve<\/h3>\n\n\n<div class=\"gb-container gb-container-42307072\"><div class=\"gb-inside-container\">\n<div class=\"wp-block-image is-style-default\">\n<figure class=\"aligncenter size-large is-resized\"><img loading=\"lazy\" decoding=\"async\" src=\"https:\/\/eggregore.be\/wp-content\/uploads\/2022\/12\/Underline-limit-purple-1024x114.png\" alt=\"\" class=\"wp-image-719\" width=\"256\" height=\"29\" srcset=\"https:\/\/eggregore.be\/wp-content\/uploads\/2022\/12\/Underline-limit-purple-1024x114.png 1024w, https:\/\/eggregore.be\/wp-content\/uploads\/2022\/12\/Underline-limit-purple-300x33.png 300w, https:\/\/eggregore.be\/wp-content\/uploads\/2022\/12\/Underline-limit-purple-768x85.png 768w, https:\/\/eggregore.be\/wp-content\/uploads\/2022\/12\/Underline-limit-purple.png 1501w\" sizes=\"auto, (max-width: 256px) 100vw, 256px\" \/><\/figure>\n<\/div>\n<\/div><\/div>\n\n\n<p class=\"has-medium-font-size\"><strong><em>Gl\u2019\u00c8ve<\/em><\/strong><em> est une initiative qui propose des entra\u00eenements d\u2019escrime ludique en non-mixit\u00e9 f\u00e9minine*.<\/em><\/p>\n\n\n\n<p class=\"has-small-font-size\">*<em>Les entra\u00eenements mensuels s\u2019adressent \u00e0 toute personne se reconnaissant dans l\u2019identit\u00e9 de femme ou \u00e9tant assign\u00e9\u00b7e femme \u00e0 la naissance.<\/em><\/p>\n\n<\/div><\/div><\/div>\n\n<div class=\"gb-grid-column gb-grid-column-8dcdece9\"><div class=\"gb-container gb-container-8dcdece9\"><div class=\"gb-inside-container\">\n\n<h6 class=\"gb-headline gb-headline-96b92fa0 gb-headline-text\">Informations pratiques<\/h6>\n\n\n<div class=\"gb-grid-wrapper gb-grid-wrapper-5d9576b4\">\n<div class=\"gb-grid-column gb-grid-column-861229b8\"><div class=\"gb-container gb-container-861229b8\"><div class=\"gb-inside-container\">\n\n<p><strong>Temporalit\u00e9 :<\/strong><\/p>\n\n\n\n<p><strong>Lieu :<\/strong><\/p>\n\n\n\n<p><strong>Contact :<\/strong><\/p>\n\n\n\n<p><strong>Suivre sur les r\u00e9seaux :<\/strong> <\/p>\n\n<\/div><\/div><\/div>\n\n<div class=\"gb-grid-column gb-grid-column-66836a18\"><div class=\"gb-container gb-container-66836a18\"><div class=\"gb-inside-container\">\n\n<p>Une fois par mois<\/p>\n\n\n\n<p>A d\u00e9finir<\/p>\n\n\n\n<p>info@eggregore.be<\/p>\n\n\n\n<ul class=\"wp-block-social-links alignleft has-small-icon-size is-layout-flex wp-block-social-links-is-layout-flex\"><li class=\"wp-social-link wp-social-link-facebook  wp-block-social-link\"><a href=\"https:\/\/www.facebook.com\/gleveasbl\" class=\"wp-block-social-link-anchor\"><svg width=\"24\" height=\"24\" viewBox=\"0 0 24 24\" version=\"1.1\" xmlns=\"http:\/\/www.w3.org\/2000\/svg\" aria-hidden=\"true\" focusable=\"false\"><path d=\"M12 2C6.5 2 2 6.5 2 12c0 5 3.7 9.1 8.4 9.9v-7H7.9V12h2.5V9.8c0-2.5 1.5-3.9 3.8-3.9 1.1 0 2.2.2 2.2.2v2.5h-1.3c-1.2 0-1.6.8-1.6 1.6V12h2.8l-.4 2.9h-2.3v7C18.3 21.1 22 17 22 12c0-5.5-4.5-10-10-10z\"><\/path><\/svg><span class=\"wp-block-social-link-label screen-reader-text\">Facebook<\/span><\/a><\/li>\n\n<li class=\"wp-social-link wp-social-link-facebook  wp-block-social-link\"><a href=\"https:\/\/www.facebook.com\/groups\/493346551511938\/\" class=\"wp-block-social-link-anchor\"><svg width=\"24\" height=\"24\" viewBox=\"0 0 24 24\" version=\"1.1\" xmlns=\"http:\/\/www.w3.org\/2000\/svg\" aria-hidden=\"true\" focusable=\"false\"><path d=\"M12 2C6.5 2 2 6.5 2 12c0 5 3.7 9.1 8.4 9.9v-7H7.9V12h2.5V9.8c0-2.5 1.5-3.9 3.8-3.9 1.1 0 2.2.2 2.2.2v2.5h-1.3c-1.2 0-1.6.8-1.6 1.6V12h2.8l-.4 2.9h-2.3v7C18.3 21.1 22 17 22 12c0-5.5-4.5-10-10-10z\"><\/path><\/svg><span class=\"wp-block-social-link-label screen-reader-text\">Facebook<\/span><\/a><\/li><\/ul>\n\n<\/div><\/div><\/div>\n<\/div>\n<\/div><\/div><\/div>\n<\/div>\n<\/div><\/div>\n\n<div class=\"gb-container gb-container-a7c37dda\"><div class=\"gb-inside-container\">\n\n<div class=\"wp-block-media-text alignwide is-stacked-on-mobile\"><figure class=\"wp-block-media-text__media\"><img loading=\"lazy\" decoding=\"async\" width=\"1024\" height=\"576\" src=\"https:\/\/eggregore.be\/wp-content\/uploads\/2022\/12\/gleve-acti.png\" alt=\"\" class=\"wp-image-799 size-full\" srcset=\"https:\/\/eggregore.be\/wp-content\/uploads\/2022\/12\/gleve-acti.png 1024w, https:\/\/eggregore.be\/wp-content\/uploads\/2022\/12\/gleve-acti-300x169.png 300w, https:\/\/eggregore.be\/wp-content\/uploads\/2022\/12\/gleve-acti-768x432.png 768w\" sizes=\"auto, (max-width: 1024px) 100vw, 1024px\" \/><\/figure><div class=\"wp-block-media-text__content\">\n<h2 class=\"wp-block-heading\"><strong>C\u2019est quoi l\u2019escrime ludique ?<\/strong><\/h2>\n\n\n\n<p>L\u2019<a href=\"https:\/\/fr.wikipedia.org\/wiki\/Escrime_Ludique?fbclid=IwAR0FvEV-RgcIouzirH2Bq3qEws9rH9iK65oq2UMXb2_GnKQS1UoDTJtaG3Y\">escrime ludique<\/a> est la discipline issue des simulations de combats \u00e0 l\u2019aide d\u2019armes en mousse et latex dans les<a href=\"https:\/\/l.facebook.com\/l.php?u=https%3A%2F%2Ffr.wikipedia.org%2Fwiki%2FJeu_de_r%25C3%25B4le_grandeur_nature%3Ffbclid%3DIwAR0E7HysQOup9tvmYf3ojGyutbXtULijBURBWGE_luHeAyM7-ojQ3ln3JzA&amp;h=AT2nbavqIeJNg9UJ_gsL1hCVBbF6j4lMKRUr-GtBV2HUXlgYI7CaTk_CT0YTox6rBUVGESHswVs7rdGnc7AqARMwDLLeQybT14TR4ZwqIJs7bwK_DF7T2_vbyhn_P_oqBtGTUAt_MsCtQRo92T8j2A\"> jeux de r\u00f4les grandeur nature<\/a> (GN). C\u2019est \u00e9galement l\u2019un des rares sports \u00ab de combat \u00bb mixte, voire le seul. \u00ab De combat \u00bb est entre guillemets, car il s\u2019agit bien de simuler des combats de fa\u00e7on ludique, en suivant des conventions pr\u00e9cises : fair-play, auto-arbitrage, la s\u00e9curit\u00e9 des armes et des touches, multidisciplinarit\u00e9 (arme simple, ambidextrie, \u00e9p\u00e9e\/bouclier, lance, armes \u00e0 deux mains, armes exotiques, etc.), \u2026<\/p>\n\n\n\n<p><\/p>\n<\/div><\/div>\n\n<\/div><\/div>\n\n<div class=\"gb-container gb-container-6487942b\"><div class=\"gb-inside-container\">\n\n<div class=\"wp-block-media-text alignwide has-media-on-the-right is-stacked-on-mobile\"><div class=\"wp-block-media-text__content\">\n<h2 class=\"wp-block-heading\"><strong>Et c\u2019est super la mixit\u00e9, non ?<\/strong><\/h2>\n\n\n\n<p>Oui, mais la mixit\u00e9 n\u2019est pas une solution miracle aux in\u00e9galit\u00e9s et aux discriminations de genre. La mixit\u00e9, si on n\u2019y pr\u00eate pas attention, cr\u00e9e presque toujours des espaces dans lesquels sont renforc\u00e9s les st\u00e9r\u00e9otypes de genre et les rapports de dominations. Nous ne sommes pas \u00e9gales dans la pratique d\u2019un sport, a fortiori un sport impliquant du combat. \u00catre active, comp\u00e9titive, conqu\u00e9rante, dans la confrontation, bref, prendre les armes et montrer les dents, n\u2019est pas consid\u00e9r\u00e9 comme \u201cf\u00e9minin\u201d. Les femmes* y sont moins encourag\u00e9es au cours de leur vie, et si elles arborent ces qualit\u00e9s, elles ne seront prises au s\u00e9rieux qu\u2019apr\u00e8s avoir fait leurs<a href=\"https:\/\/l.facebook.com\/l.php?u=https%3A%2F%2Fwww.youtube.com%2Fwatch%3Fv%3DALAuI5JLsYs%26fbclid%3DIwAR2znDOuKM6UyBRl8dngkTL_bh1PrAoa8cXPNr0WKkcA_tnyNqkntlq1C90&amp;h=AT3XSGr33U7VFtJ_GhrVKqlN4QU6IsmV92u16u33DldHnH0kxQVim1OyLztVJQURTexJe8RlHv_vdaMVKYlRGvxdPu9PD5Pw9Z5fd-SFUQDil48d-nEXss7IESVOz1S__C1yeoZmOI5dk6gRgWwJcg\"> preuves<\/a>. Les femmes* ont souvent int\u00e9rioris\u00e9 des st\u00e9r\u00e9otypes qui les d\u00e9peignent comme moins comp\u00e9tentes que des hommes, et lorsqu\u2019elles s\u2019essayent \u00e0 une nouvelle discipline, cela implique pour elles de sortir de leur zone de confort et de risquer de voir ces st\u00e9r\u00e9otypes renforc\u00e9s, ce qui n\u2019aide en rien \u00e0 l\u2019apprentissage et \u00e0 l\u2019\u00e9panouissement.<\/p>\n\n\n\n<p><\/p>\n<\/div><figure class=\"wp-block-media-text__media\"><img loading=\"lazy\" decoding=\"async\" width=\"1024\" height=\"576\" src=\"https:\/\/eggregore.be\/wp-content\/uploads\/2022\/12\/Picte-gleve-2.png\" alt=\"\" class=\"wp-image-874 size-full\" srcset=\"https:\/\/eggregore.be\/wp-content\/uploads\/2022\/12\/Picte-gleve-2.png 1024w, https:\/\/eggregore.be\/wp-content\/uploads\/2022\/12\/Picte-gleve-2-300x169.png 300w, https:\/\/eggregore.be\/wp-content\/uploads\/2022\/12\/Picte-gleve-2-768x432.png 768w\" sizes=\"auto, (max-width: 1024px) 100vw, 1024px\" \/><\/figure><\/div>\n\n<\/div><\/div>\n\n<div class=\"gb-container gb-container-cff6670c\"><div class=\"gb-inside-container\">\n\n<div class=\"wp-block-media-text alignwide is-stacked-on-mobile\"><figure class=\"wp-block-media-text__media\"><img loading=\"lazy\" decoding=\"async\" width=\"1024\" height=\"576\" src=\"https:\/\/eggregore.be\/wp-content\/uploads\/2022\/12\/Pict-gleve-1.png\" alt=\"\" class=\"wp-image-872 size-full\" srcset=\"https:\/\/eggregore.be\/wp-content\/uploads\/2022\/12\/Pict-gleve-1.png 1024w, https:\/\/eggregore.be\/wp-content\/uploads\/2022\/12\/Pict-gleve-1-300x169.png 300w, https:\/\/eggregore.be\/wp-content\/uploads\/2022\/12\/Pict-gleve-1-768x432.png 768w\" sizes=\"auto, (max-width: 1024px) 100vw, 1024px\" \/><\/figure><div class=\"wp-block-media-text__content\">\n<h2 class=\"wp-block-heading\"><strong>Pourquoi des entra\u00eenements en non-mixit\u00e9 choisie ?<\/strong><\/h2>\n\n\n\n<p>Parce que nous croyons que la non-mixit\u00e9 peut lever de nombreux obstacles \u00e0 la participation des femmes* \u00e0 l\u2019escrime ludique en offrant un cadre bienveillant et s\u00e9curisant pour s\u2019exercer. Parce qu\u2019apr\u00e8s avoir d\u00e9construit pas mal de complexes, on a appris \u00e0 prendre beaucoup de plaisir \u00e0 se battre et qu\u2019on aimerait partager ce plaisir avec d\u2019autres. Et surtout, parce qu\u2019on n\u2019a pas besoin de se justifier pour faire des trucs entre meufs*, et que c\u2019est m\u00e9ga le fun !<\/p>\n\n\n\n<p><\/p>\n<\/div><\/div>\n\n<\/div><\/div>\n\n<div class=\"gb-container gb-container-01be9b13\"><div class=\"gb-inside-container\">\n\n<div class=\"wp-block-media-text alignwide has-media-on-the-right is-stacked-on-mobile\"><div class=\"wp-block-media-text__content\">\n<h2 class=\"wp-block-heading\"><strong>Informations pratiques<\/strong><\/h2>\n\n\n\n<p>Toutes les trois semaines, le jeudi de 19h \u00e0 21h \u00e0 la Salle Sapiens (rue du M\u00e9rinos 1B \u00e0 Saint-Josse, Bruxelles). Prenez des v\u00eatements confortables et vos armes de GN. Des genouill\u00e8res peuvent \u00eatre un plus. Si vous ne poss\u00e9dez pas d\u2019armes, n\u2019h\u00e9sitez pas \u00e0 prendre contact avec nous avant la s\u00e9ance.Parking : il y a du parking (gratuit le soir) autour du square Gutenberg et du square Marie-Louise, tous les deux \u00e0 un peu plus de 5 minutes \u00e0 pieds de la salle.<\/p>\n\n\n\n<p><\/p>\n<\/div><figure class=\"wp-block-media-text__media\"><img loading=\"lazy\" decoding=\"async\" width=\"1024\" height=\"576\" src=\"https:\/\/eggregore.be\/wp-content\/uploads\/2022\/12\/Pict-gleve-info.png\" alt=\"\" class=\"wp-image-873 size-full\" srcset=\"https:\/\/eggregore.be\/wp-content\/uploads\/2022\/12\/Pict-gleve-info.png 1024w, https:\/\/eggregore.be\/wp-content\/uploads\/2022\/12\/Pict-gleve-info-300x169.png 300w, https:\/\/eggregore.be\/wp-content\/uploads\/2022\/12\/Pict-gleve-info-768x432.png 768w\" sizes=\"auto, (max-width: 1024px) 100vw, 1024px\" \/><\/figure><\/div>\n\n<\/div><\/div>","protected":false},"excerpt":{"rendered":"<p>C\u2019est quoi l\u2019escrime ludique ? L\u2019escrime ludique est la discipline issue des simulations de combats &#8230; <a title=\"Gl&rsquo;\u00c8ve\" class=\"read-more\" href=\"https:\/\/eggregore.be\/?page_id=841\" aria-label=\"Plus sur Gl&rsquo;\u00c8ve\">Lire plus<\/a><\/p>\n","protected":false},"author":1,"featured_media":870,"parent":0,"menu_order":0,"comment_status":"closed","ping_status":"closed","template":"","meta":{"footnotes":""},"class_list":["post-841","page","type-page","status-publish","has-post-thumbnail"],"_links":{"self":[{"href":"https:\/\/eggregore.be\/index.php?rest_route=\/wp\/v2\/pages\/841","targetHints":{"allow":["GET"]}}],"collection":[{"href":"https:\/\/eggregore.be\/index.php?rest_route=\/wp\/v2\/pages"}],"about":[{"href":"https:\/\/eggregore.be\/index.php?rest_route=\/wp\/v2\/types\/page"}],"author":[{"embeddable":true,"href":"https:\/\/eggregore.be\/index.php?rest_route=\/wp\/v2\/users\/1"}],"replies":[{"embeddable":true,"href":"https:\/\/eggregore.be\/index.php?rest_route=%2Fwp%2Fv2%2Fcomments&post=841"}],"version-history":[{"count":23,"href":"https:\/\/eggregore.be\/index.php?rest_route=\/wp\/v2\/pages\/841\/revisions"}],"predecessor-version":[{"id":1153,"href":"https:\/\/eggregore.be\/index.php?rest_route=\/wp\/v2\/pages\/841\/revisions\/1153"}],"wp:featuredmedia":[{"embeddable":true,"href":"https:\/\/eggregore.be\/index.php?rest_route=\/wp\/v2\/media\/870"}],"wp:attachment":[{"href":"https:\/\/eggregore.be\/index.php?rest_route=%2Fwp%2Fv2%2Fmedia&parent=841"}],"curies":[{"name":"wp","href":"https:\/\/api.w.org\/{rel}","templated":true}]}}