{"id":675,"date":"2022-04-13T00:09:12","date_gmt":"2022-04-12T23:09:12","guid":{"rendered":"https:\/\/securityeye.wordifysites.com\/?page_id=47"},"modified":"2023-06-01T20:56:09","modified_gmt":"2023-06-01T20:56:09","slug":"about","status":"publish","type":"page","link":"https:\/\/eggregore.be\/?page_id=675","title":{"rendered":"A propos"},"content":{"rendered":"<div class=\"gb-container gb-container-890c4d6a\"><div class=\"gb-inside-container\">\n<div class=\"gb-grid-wrapper gb-grid-wrapper-5872a14c\">\n<div class=\"gb-grid-column gb-grid-column-d36b1264\"><div class=\"gb-container gb-container-d36b1264\"><div class=\"gb-inside-container\">\n\n<h2 class=\"wp-block-heading\">Notre action<\/h2>\n\n\n\n<p>Eggr\u00e9gore ASBL a pour but de susciter la rencontre de personnes autour de la pratique du GN afin d\u2019amener \u00e0 la r\u00e9alisation de projets. Pour cela, elle met en place un r\u00e9seau d\u2019individus pr\u00eats \u00e0 s\u2019entraider et cr\u00e9e des espaces de rencontres dans lesquels ceux-ci peuvent r\u00eaver, partager, se soutenir et cr\u00e9er. Elle offre \u00e9galement \u00e0 ces projets sa structure juridique, ses ressources mutualis\u00e9es et sa visibilit\u00e9 afin de les aider \u00e0 se d\u00e9velopper.<br><\/p>\n\n\n\n<p>A travers ces actions, elle esp\u00e8re pouvoir donner l\u2019opportunit\u00e9 \u00e0 des personnes ou groupes isol\u00e9s ou manquants de ressources (mat\u00e9rielles, temporelles, humaines, comp\u00e9tencielles,\u2026) de r\u00e9aliser leurs projets gr\u00e2ce \u00e0 l\u2019appui de cette communaut\u00e9.<br><\/p>\n\n\n\n<p>Enfin, elle souhaite cette structure conviviale, horizontale et participative. Les espaces qu\u2019elle propose se veulent, entre-autre, \u00eatre des lieux d\u2019exp\u00e9rimentation dans lesquels les r\u00e9ussites sont c\u00e9l\u00e9br\u00e9es et o\u00f9 l\u2019\u00e9chec est acceptable. Chaque participant\u00b7e peut s\u2019y investir \u00e0 la hauteur de ses moyens et disponibilit\u00e9s qui sont tous deux variables dans le temps. Elle se pr\u00e9occupe avant tout du chemin plut\u00f4t que des r\u00e9sultats. Les projets naissent et meurent en son sein sans qu\u2019il n\u2019existe une volont\u00e9 de les maintenir \u00e0 tout prix. En aucun cas, elle ne souhaite devenir un fournisseur de services.<\/p>\n\n<\/div><\/div><\/div>\n<\/div>\n<\/div><\/div>\n\n<div class=\"gb-container gb-container-64c448cf\"><div class=\"gb-inside-container\">\n<div class=\"gb-grid-wrapper gb-grid-wrapper-722e0911\">\n<div class=\"gb-grid-column gb-grid-column-d217822e\"><div class=\"gb-container gb-container-d217822e\"><div class=\"gb-inside-container\">\n<div class=\"wp-block-image\">\n<figure class=\"aligncenter size-large is-resized\"><img loading=\"lazy\" decoding=\"async\" src=\"https:\/\/eggregore.be\/wp-content\/uploads\/2022\/12\/minion8-recadre-1-556x1024.png\" alt=\"\" class=\"wp-image-741\" width=\"204\" height=\"376\" srcset=\"https:\/\/eggregore.be\/wp-content\/uploads\/2022\/12\/minion8-recadre-1-556x1024.png 556w, https:\/\/eggregore.be\/wp-content\/uploads\/2022\/12\/minion8-recadre-1-163x300.png 163w, https:\/\/eggregore.be\/wp-content\/uploads\/2022\/12\/minion8-recadre-1-768x1413.png 768w, https:\/\/eggregore.be\/wp-content\/uploads\/2022\/12\/minion8-recadre-1-835x1536.png 835w, https:\/\/eggregore.be\/wp-content\/uploads\/2022\/12\/minion8-recadre-1-1113x2048.png 1113w, https:\/\/eggregore.be\/wp-content\/uploads\/2022\/12\/minion8-recadre-1.png 1479w\" sizes=\"auto, (max-width: 204px) 100vw, 204px\" \/><\/figure>\n<\/div>\n<\/div><\/div><\/div>\n\n<div class=\"gb-grid-column gb-grid-column-da539f26\"><div class=\"gb-container gb-container-da539f26\"><div class=\"gb-inside-container\">\n\n<h6 class=\"wp-block-heading\">Nos valeurs<\/h6>\n\n\n\n<p class=\"gb-headline gb-headline-4e1b241b\"><span class=\"gb-icon\"><svg aria-hidden=\"true\" role=\"img\" height=\"1em\" width=\"1em\" viewBox=\"0 0 512 512\" xmlns=\"http:\/\/www.w3.org\/2000\/svg\"><path fill=\"currentColor\" d=\"M256 8C119.033 8 8 119.033 8 256s111.033 248 248 248 248-111.033 248-248S392.967 8 256 8zm80 248c0 44.112-35.888 80-80 80s-80-35.888-80-80 35.888-80 80-80 80 35.888 80 80z\"><\/path><\/svg><\/span><span class=\"gb-headline-text\"><strong>Convivialit\u00e9 : <\/strong>faire les choses dans une ambiance d\u00e9tendue, pour le plaisir de r\u00e9aliser ensemble des projets. L\u2019investissement ne doit pas devenir un fardeau.<\/span><\/p>\n\n\n\n<p class=\"gb-headline gb-headline-e18d65f8\"><span class=\"gb-icon\"><svg aria-hidden=\"true\" role=\"img\" height=\"1em\" width=\"1em\" viewBox=\"0 0 512 512\" xmlns=\"http:\/\/www.w3.org\/2000\/svg\"><path fill=\"currentColor\" d=\"M256 8C119.033 8 8 119.033 8 256s111.033 248 248 248 248-111.033 248-248S392.967 8 256 8zm80 248c0 44.112-35.888 80-80 80s-80-35.888-80-80 35.888-80 80-80 80 35.888 80 80z\"><\/path><\/svg><\/span><span class=\"gb-headline-text\"><strong>Stimulation : <\/strong>se prendre au jeu d\u2019esp\u00e9rer r\u00e9aliser des trucs cools. Laisser notre excitation nous porter \u00e0 l\u2019action.<\/span><\/p>\n\n\n\n<p class=\"gb-headline gb-headline-d215372b\"><span class=\"gb-icon\"><svg aria-hidden=\"true\" role=\"img\" height=\"1em\" width=\"1em\" viewBox=\"0 0 512 512\" xmlns=\"http:\/\/www.w3.org\/2000\/svg\"><path fill=\"currentColor\" d=\"M256 8C119.033 8 8 119.033 8 256s111.033 248 248 248 248-111.033 248-248S392.967 8 256 8zm80 248c0 44.112-35.888 80-80 80s-80-35.888-80-80 35.888-80 80-80 80 35.888 80 80z\"><\/path><\/svg><\/span><span class=\"gb-headline-text\"><strong>Bienveillance :<\/strong> prendre soin du bien-\u00eatre du groupe, de ses membres et de soi-m\u00eame. Oser essayer, se donner l\u2019opportunit\u00e9 de r\u00e9ussir mais aussi le droit d\u2019\u00e9chouer. C\u00e9l\u00e9brer ses r\u00e9alisations.<\/span><\/p>\n\n\n\n<p class=\"gb-headline gb-headline-9fc130ec\"><span class=\"gb-icon\"><svg aria-hidden=\"true\" role=\"img\" height=\"1em\" width=\"1em\" viewBox=\"0 0 512 512\" xmlns=\"http:\/\/www.w3.org\/2000\/svg\"><path fill=\"currentColor\" d=\"M256 8C119.033 8 8 119.033 8 256s111.033 248 248 248 248-111.033 248-248S392.967 8 256 8zm80 248c0 44.112-35.888 80-80 80s-80-35.888-80-80 35.888-80 80-80 80 35.888 80 80z\"><\/path><\/svg><\/span><span class=\"gb-headline-text\"><strong>Humilit\u00e9 : <\/strong>reconna\u00eetre son insignifiance dans l&rsquo;ensemble des choses.<\/span><\/p>\n\n\n\n<p class=\"gb-headline gb-headline-9f4dfc01\"><span class=\"gb-icon\"><svg aria-hidden=\"true\" role=\"img\" height=\"1em\" width=\"1em\" viewBox=\"0 0 512 512\" xmlns=\"http:\/\/www.w3.org\/2000\/svg\"><path fill=\"currentColor\" d=\"M256 8C119.033 8 8 119.033 8 256s111.033 248 248 248 248-111.033 248-248S392.967 8 256 8zm80 248c0 44.112-35.888 80-80 80s-80-35.888-80-80 35.888-80 80-80 80 35.888 80 80z\"><\/path><\/svg><\/span><span class=\"gb-headline-text\"><strong>Engagement : <\/strong>mettre du sens derri\u00e8re nos actions. Agir comme si celles-ci faisaient la diff\u00e9rence. Car c\u2019est le cas.<\/span><\/p>\n\n\n\n<p><\/p>\n\n<\/div><\/div><\/div>\n<\/div>\n<\/div><\/div>\n\n<div class=\"gb-container gb-container-b317d153\"><div class=\"gb-inside-container\">\n\n<h2 class=\"gb-headline gb-headline-e3e12c93 gb-headline-text\">Notre organisation<\/h2>\n\n\n\n<h6 class=\"gb-headline gb-headline-4df47767 gb-headline-text\">Structure l\u00e9gale VS Structure op\u00e9rationnelle<\/h6>\n\n\n\n<p>Constitu\u00e9 en ASBL, Eggr\u00e9gore est organis\u00e9e suivant la structure l\u00e9gale de celle-ci, reprenant un Organe d\u2019Administration (OA) et une Assembl\u00e9e G\u00e9n\u00e9rale (AG). Pourtant, cette structure rigide et hi\u00e9rarchique ne correspond pas \u00e0 la dynamique associative que nous souhaitons mettre en place.<\/p>\n\n\n\n<p>C&rsquo;est pourquoi nous avons mis en place une structure plus op\u00e9rationnelle horizontale qui nous est propre et qui favorise la participation de tous et toutes \u00e0 un niveau \u00e9quivalent ainsi qu\u2019une plus grande d\u00e9centralisation des d\u00e9cisions. Elle permet \u00e0 chaque projet ou Groupe de Travail (GT) de fonctionner de mani\u00e8re fluide et autonome sans devoir passer syst\u00e9matiquement par un processus de validation ne d\u00e9pendant pas directement de lui. Par la m\u00eame occasion, chaque personne et chaque groupe porte la responsabilit\u00e9 du bon fonctionnement de l\u2019association en faisant en sorte de s\u2019int\u00e9grer au mieux dans cette dynamique collective.<\/p>\n\n\n\n<p>Dans ce mod\u00e8le, diff\u00e9rents groupes s&rsquo;organisent, prennent des d\u00e9cisions et les appliquent en toute souverainet\u00e9, dans le cadre de leurs r\u00f4les et redevabilit\u00e9s.&nbsp;<\/p>\n\n\n\n<p>Tout le monde, quel que soit son statut, peut prendre part aux groupes de travail ou aux assembl\u00e9es.&nbsp;<\/p>\n\n\n\n<p>Parall\u00e8lement \u00e0 cette structure organisationnelle, l\u2019association met en place un r\u00e9seau d\u2019individus dispos\u00e9s \u00e0 mettre leurs ressources et comp\u00e9tences au service de l\u2019association et des projets qui y naissent. Ce r\u00e9seau est activ\u00e9 de diff\u00e9rentes mani\u00e8res : \u00e0 travers une plateforme num\u00e9rique, des rencontres interpersonnelles et de toutes les fa\u00e7ons imaginables par ses membres. Structurellement ce r\u00e9seau se met \u00e9galement en action directement lors des Assembl\u00e9es qui sont des \u00e9v\u00e9nements r\u00e9currents durant lesquels porteur\u00b7euse\u00b7s de projets et membres du r\u00e9seau se rencontrent pour d\u2019une part prendre des d\u00e9cisions quant au fonctionnement global de l\u2019association mais surtout pour faire pr\u00e9senter ou faire na\u00eetre de nouveau projets gr\u00e2ce \u00e0 la force du collectif.&nbsp;&nbsp;<\/p>\n\n\n\n<p>Dans tous ces groupes, on essaie de faire vivre l&rsquo;intelligence collective : chacun am\u00e8ne son point de vue en \u00e9tant curieux de celui de l&rsquo;autre et toutes et tous essaient de faire \u00e9merger de nouvelles id\u00e9es.<\/p>\n\n\n\n<h6 class=\"gb-headline gb-headline-0d3224b1 gb-headline-text\">La structure<\/h6>\n\n\n\n<ul class=\"wp-block-list\">\n<li><b>Les projets :<\/b><span style=\"font-weight: 400;\"> se sont les r\u00e9sultats de l\u2019action de l\u2019association. Ils oeuvrent avant tout \u00e0 leur propre fonctionnement\/d\u00e9veloppement tout en s\u2019inscrivant dans le projet collectif de l\u2019association. Leur existence n\u2019a d\u2019int\u00e9r\u00eat que si des personnes ont l\u2019envie de les porter.<br>Ils naissent d\u2019un ou plusieurs porteurs de projets qui composent une \u00e9quipe en faisant appel au r\u00e9seau. Une fois ce groupe compos\u00e9, ils sont autonomes pour d\u00e9cider ensemble de la composition et du fonctionnement de l\u2019\u00e9quipe du projet.<br>Composition : les membres des projets.<\/span><br><\/li>\n<\/ul>\n\n\n\n<ul class=\"wp-block-list\">\n<li><b>Les groupes de travail <\/b><span style=\"font-weight: 400;\">: se sont des entit\u00e9s structurelles qui doivent exister au sein de l\u2019ASBL pour le bon fonctionnement de celle-ci. Ils r\u00e9pondent \u00e0 des besoins permanents (communication, organisation des AG, \u2026) ou temporaires (ex : l\u2019association a besoin de fonds. Un GT est constitu\u00e9 le temps de trouver ceux-ci). Leur existence \u00e0 un int\u00e9r\u00eat continu. Il y a une n\u00e9cessit\u00e9 de faire en sorte que leurs objectifs soient remplis. Il est donc de la responsabilit\u00e9 commune d\u2019assurer leur continuit\u00e9.<br>Composition : les membres volontaires de l\u2019association.<\/span><br><br> <\/li>\n\n\n\n<li><b>Le noyau : <\/b><span style=\"font-weight: 400;\">c\u2019est le groupe qui veille au bon fonctionnement de la structure (\u201cIl met de l\u2019huile dans les rouages\u201d).<br>Il comprend en son sein l\u2019Organe d\u2019Administration dont les t\u00e2ches principales sont de veiller aux cadres l\u00e9gal et administratif. <br>Le noyau a plusieurs r\u00f4les :veiller \u00e0 entretenir la dynamique associative, faciliter les liens entre les diff\u00e9rents groupes et garantir le respect du cadre et des valeurs.<\/span><br>Composition : les membres volontaires de l\u2019association et les membres de l\u2019OA.<br> <br><\/li>\n\n\n\n<li><span style=\"font-weight: 400;\"><b style=\"background-color: var(--base-2); color: var(--contrast-2);\">Les assembl\u00e9es :<\/b><span style=\"font-weight: 400;\"> r\u00e9guli\u00e8rement, l\u2019association organise des assembl\u00e9es afin de prendre des d\u00e9cisions strat\u00e9giques quant \u00e0 son fonctionnement et ses projets \u00e0 venir. Toute personne int\u00e9ress\u00e9e peut participer \u00e0 cette assembl\u00e9e. Lors de ces assembl\u00e9e, il y a une volont\u00e9 de prendre les d\u00e9cisions \u00e0 travers la recherche de consensus.<\/span><\/span><br><span style=\"font-weight: 400;\">Composition : toute personne int\u00e9ress\u00e9e.<\/span><br> <br><\/li>\n\n\n\n<li><b>L\u2019Assembl\u00e9e G\u00e9n\u00e9rale : <\/b><span style=\"font-weight: 400;\">est l\u2019organe l\u00e9gal constituant l\u2019association. Il est compos\u00e9 des membres \u00e9lus de l&rsquo;AG. Il est charg\u00e9 de prendre les d\u00e9cisions qui lui incombent l\u00e9galement ou statutairement. Il prend ces d\u00e9cisions en fonction des d\u00e9cisions prises lors des assembl\u00e9es.<br>Composition : <\/span>membres \u00e9lus<br> <br><\/li>\n\n\n\n<li><b>Le r\u00e9seau :<\/b><span style=\"font-weight: 400;\"> reprend l\u2019ensemble des personnes s\u2019\u00e9tant identifi\u00e9es comme pr\u00eates \u00e0 participer ou soutenir (ponctuellement ou r\u00e9guli\u00e8rement) des projets au sein de l\u2019association. Le r\u00e9seau est organis\u00e9 gr\u00e2ce \u00e0 un outil (\u00e0 d\u00e9finir) mis en place par le GT communication et autoaliment\u00e9 par le r\u00e9seau qui permet \u00e0 tout un chacun de rejoindre les groupes au travers desquels il pourra mettre \u00e0 disposition ses ressources humaines ou d\u2019interpeller ces groupes pour la r\u00e9alisation de projets.<br>Composition : toute personne int\u00e9ress\u00e9e.<\/span><br> <br><\/li>\n\n\n\n<li><b>Partenaires :<\/b><span style=\"font-weight: 400;\"> c\u2019est une cat\u00e9gorie un peu particuli\u00e8re. Dans l\u2019objectif de poursuivre son but, l\u2019association est amen\u00e9e \u00e0 rencontrer d\u2019autres structures qui s\u2019impliqueront plus ou moins dans la vie de l\u2019association. Il peut \u00e9galement s\u2019agir de projet qui pour des raisons pratiques\/philosophiques ont quitt\u00e9 l\u2019association pour cr\u00e9er leur propre structure.<\/span><\/li>\n<\/ul>\n\n<\/div><\/div>","protected":false},"excerpt":{"rendered":"<p>Notre organisation Structure l\u00e9gale VS Structure op\u00e9rationnelle Constitu\u00e9 en ASBL, Eggr\u00e9gore est organis\u00e9e suivant la &#8230; <a title=\"A propos\" class=\"read-more\" href=\"https:\/\/eggregore.be\/?page_id=675\" aria-label=\"Plus sur A propos\">Lire plus<\/a><\/p>\n","protected":false},"author":1,"featured_media":1091,"parent":0,"menu_order":0,"comment_status":"closed","ping_status":"closed","template":"","meta":{"footnotes":""},"class_list":["post-675","page","type-page","status-publish","has-post-thumbnail"],"_links":{"self":[{"href":"https:\/\/eggregore.be\/index.php?rest_route=\/wp\/v2\/pages\/675","targetHints":{"allow":["GET"]}}],"collection":[{"href":"https:\/\/eggregore.be\/index.php?rest_route=\/wp\/v2\/pages"}],"about":[{"href":"https:\/\/eggregore.be\/index.php?rest_route=\/wp\/v2\/types\/page"}],"author":[{"embeddable":true,"href":"https:\/\/eggregore.be\/index.php?rest_route=\/wp\/v2\/users\/1"}],"replies":[{"embeddable":true,"href":"https:\/\/eggregore.be\/index.php?rest_route=%2Fwp%2Fv2%2Fcomments&post=675"}],"version-history":[{"count":33,"href":"https:\/\/eggregore.be\/index.php?rest_route=\/wp\/v2\/pages\/675\/revisions"}],"predecessor-version":[{"id":1092,"href":"https:\/\/eggregore.be\/index.php?rest_route=\/wp\/v2\/pages\/675\/revisions\/1092"}],"wp:featuredmedia":[{"embeddable":true,"href":"https:\/\/eggregore.be\/index.php?rest_route=\/wp\/v2\/media\/1091"}],"wp:attachment":[{"href":"https:\/\/eggregore.be\/index.php?rest_route=%2Fwp%2Fv2%2Fmedia&parent=675"}],"curies":[{"name":"wp","href":"https:\/\/api.w.org\/{rel}","templated":true}]}}