{"id":673,"date":"2021-05-30T14:08:16","date_gmt":"2021-05-30T13:08:16","guid":{"rendered":"https:\/\/securityeye.wordifysites.com\/?page_id=2"},"modified":"2024-08-04T20:20:23","modified_gmt":"2024-08-04T20:20:23","slug":"home","status":"publish","type":"page","link":"https:\/\/eggregore.be\/","title":{"rendered":"Accueil"},"content":{"rendered":"<div class=\"gb-container gb-container-03042199\"><div class=\"gb-inside-container\">\n\n<h1 class=\"gb-headline gb-headline-396a9b33 gb-headline-text\">Eggr\u00e9gore ASBL<\/h1>\n\n\n\n<h4 class=\"wp-block-heading has-base-2-color has-text-color\"><em>Eggr\u00e9gore (n.m) : concept d\u00e9signant un esprit de groupe influenc\u00e9 par les d\u00e9sirs communs de plusieurs individus unis dans un but bien d\u00e9fini.<\/em><\/h4>\n\n\n\n<h4 class=\"wp-block-heading has-base-2-color has-text-color\"><em>\u00ab Le tout est plus que la somme de ses parties. \u00bb<\/em><\/h4>\n\n\n<div class=\"gb-button-wrapper gb-button-wrapper-04ecbc62\">\n\n<a class=\"gb-button gb-button-badd7a5d\" href=\"https:\/\/eggregore.be\/?page_id=675\"><span class=\"gb-button-text\">Nous d\u00e9couvrir<\/span><span class=\"gb-icon\"><svg xml:space=\"preserve\" style=\"enable-background:new 0 0 330 330\" viewBox=\"0 0 330 330\" xmlns=\"http:\/\/www.w3.org\/2000\/svg\"><path d=\"M15 180h263.787l-49.394 49.394c-5.858 5.857-5.858 15.355 0 21.213C232.322 253.535 236.161 255 240 255s7.678-1.465 10.606-4.394l75-75c5.858-5.857 5.858-15.355 0-21.213l-75-75c-5.857-5.857-15.355-5.857-21.213 0-5.858 5.857-5.858 15.355 0 21.213L278.787 150H15c-8.284 0-15 6.716-15 15s6.716 15 15 15z\"><\/path><\/svg><\/span><\/a>\n\n<\/div>\n<\/div><\/div>\n\n<div class=\"gb-container gb-container-2bba2800\"><div class=\"gb-inside-container\">\n<div class=\"gb-container gb-container-6562d468 home-post-block\"><div class=\"gb-inside-container\">\n\n<h3 class=\"gb-headline gb-headline-3fa468c4 gb-headline-text\">Derniers articles<\/h3>\n\n\n<div class=\"gb-grid-wrapper gb-grid-wrapper-2859eab8\">\n<div class=\"gb-grid-column gb-grid-column-5a170503\"><div class=\"gb-container gb-container-5a170503\"><div class=\"gb-inside-container\">\n\n<figure class=\"wp-block-image size-large is-resized\"><img loading=\"lazy\" decoding=\"async\" width=\"1024\" height=\"114\" src=\"https:\/\/eggregore.be\/wp-content\/uploads\/2022\/12\/Underline-limit-purple-1024x114.png\" alt=\"\" class=\"wp-image-719\" style=\"width:256px;height:29px\" srcset=\"https:\/\/eggregore.be\/wp-content\/uploads\/2022\/12\/Underline-limit-purple-1024x114.png 1024w, https:\/\/eggregore.be\/wp-content\/uploads\/2022\/12\/Underline-limit-purple-300x33.png 300w, https:\/\/eggregore.be\/wp-content\/uploads\/2022\/12\/Underline-limit-purple-768x85.png 768w, https:\/\/eggregore.be\/wp-content\/uploads\/2022\/12\/Underline-limit-purple.png 1501w\" sizes=\"auto, (max-width: 1024px) 100vw, 1024px\" \/><\/figure>\n\n<\/div><\/div><\/div>\n<\/div>\n\n\n<div class=\"gb-grid-wrapper gb-grid-wrapper-5600cff9 gb-query-loop-wrapper\">\n<div class=\"gb-grid-column gb-grid-column-313dd262 gb-query-loop-item post-1458 post type-post status-publish format-standard has-post-thumbnail hentry category-riddle-of-steel-bruxelles generate-columns tablet-grid-50 mobile-grid-100 grid-parent grid-33\"><div class=\"gb-container gb-container-313dd262\"><div class=\"gb-inside-container\">\n<figure class=\"gb-block-image gb-block-image-e3bad592\"><a href=\"https:\/\/eggregore.be\/?p=1458\"><img loading=\"lazy\" decoding=\"async\" width=\"1024\" height=\"576\" src=\"https:\/\/eggregore.be\/wp-content\/uploads\/2023\/01\/pic-rosbxl-1.png\" class=\"gb-image-e3bad592\" alt=\"\" srcset=\"https:\/\/eggregore.be\/wp-content\/uploads\/2023\/01\/pic-rosbxl-1.png 1024w, https:\/\/eggregore.be\/wp-content\/uploads\/2023\/01\/pic-rosbxl-1-300x169.png 300w, https:\/\/eggregore.be\/wp-content\/uploads\/2023\/01\/pic-rosbxl-1-768x432.png 768w\" sizes=\"auto, (max-width: 1024px) 100vw, 1024px\" \/><\/a><\/figure>\n\n<div class=\"gb-container gb-container-cb59bcaf\"><div class=\"gb-inside-container\">\n<h4 class=\"gb-headline gb-headline-4e96bbc0 gb-headline-text\"><a href=\"https:\/\/eggregore.be\/?p=1458\">Reprise Riddle of Steel Bruxelles<\/a><\/h4>\n\n<p class=\"gb-headline gb-headline-fbb38d81 gb-headline-text\"><time class=\"entry-date published\" datetime=\"2024-09-02T14:04:59+00:00\">2 septembre 2024<\/time><\/p>\n\n<div class=\"gb-headline gb-headline-358d1a4a gb-headline-text\">D\u00e9but de la saison 2024-2025 pour la Riddle of Steel Bruxelles.<\/div>\n<\/div><\/div>\n<\/div><\/div><\/div>\n\n<div class=\"gb-grid-column gb-grid-column-313dd262 gb-query-loop-item post-1447 post type-post status-publish format-standard has-post-thumbnail hentry category-larp-library generate-columns tablet-grid-50 mobile-grid-100 grid-parent grid-33\"><div class=\"gb-container gb-container-313dd262\"><div class=\"gb-inside-container\">\n<figure class=\"gb-block-image gb-block-image-e3bad592\"><a href=\"https:\/\/eggregore.be\/?p=1447\"><img loading=\"lazy\" decoding=\"async\" width=\"1024\" height=\"576\" src=\"https:\/\/eggregore.be\/wp-content\/uploads\/ban-library2.png\" class=\"gb-image-e3bad592\" alt=\"\" srcset=\"https:\/\/eggregore.be\/wp-content\/uploads\/ban-library2.png 1024w, https:\/\/eggregore.be\/wp-content\/uploads\/ban-library2-300x169.png 300w, https:\/\/eggregore.be\/wp-content\/uploads\/ban-library2-768x432.png 768w\" sizes=\"auto, (max-width: 1024px) 100vw, 1024px\" \/><\/a><\/figure>\n\n<div class=\"gb-container gb-container-cb59bcaf\"><div class=\"gb-inside-container\">\n<h4 class=\"gb-headline gb-headline-4e96bbc0 gb-headline-text\"><a href=\"https:\/\/eggregore.be\/?p=1447\">LARP Library<\/a><\/h4>\n\n<p class=\"gb-headline gb-headline-fbb38d81 gb-headline-text\"><time class=\"entry-date published\" datetime=\"2024-08-04T20:01:23+00:00\">4 ao\u00fbt 2024<\/time><\/p>\n\n<div class=\"gb-headline gb-headline-358d1a4a gb-headline-text\">Lancement du projet de biblioth\u00e8que num\u00e9rique des ressources li\u00e9es au GN. Une nouvelle invocation de l&rsquo;Eggr\u00e9gore !<\/div>\n<\/div><\/div>\n<\/div><\/div><\/div>\n\n<div class=\"gb-grid-column gb-grid-column-313dd262 gb-query-loop-item post-1199 post type-post status-publish format-standard has-post-thumbnail hentry category-communaute tag-be-larp tag-communaute generate-columns tablet-grid-50 mobile-grid-100 grid-parent grid-33\"><div class=\"gb-container gb-container-313dd262\"><div class=\"gb-inside-container\">\n<figure class=\"gb-block-image gb-block-image-e3bad592\"><a href=\"https:\/\/eggregore.be\/?p=1199\"><img loading=\"lazy\" decoding=\"async\" width=\"1024\" height=\"576\" src=\"https:\/\/eggregore.be\/wp-content\/uploads\/stockbelarp.png\" class=\"gb-image-e3bad592\" alt=\"\" srcset=\"https:\/\/eggregore.be\/wp-content\/uploads\/stockbelarp.png 1024w, https:\/\/eggregore.be\/wp-content\/uploads\/stockbelarp-300x169.png 300w, https:\/\/eggregore.be\/wp-content\/uploads\/stockbelarp-768x432.png 768w\" sizes=\"auto, (max-width: 1024px) 100vw, 1024px\" \/><\/a><\/figure>\n\n<div class=\"gb-container gb-container-cb59bcaf\"><div class=\"gb-inside-container\">\n<h4 class=\"gb-headline gb-headline-4e96bbc0 gb-headline-text\"><a href=\"https:\/\/eggregore.be\/?p=1199\">Coup de boost au pr\u00eat de mat\u00e9riel BE Larp<\/a><\/h4>\n\n<p class=\"gb-headline gb-headline-fbb38d81 gb-headline-text\"><time class=\"entry-date published\" datetime=\"2024-05-01T11:32:00+00:00\">1 mai 2024<\/time><\/p>\n\n<div class=\"gb-headline gb-headline-358d1a4a gb-headline-text\">Avoir acc\u00e8s \u00e0 un stock de mat\u00e9riel commun pour toutes les associations et groupes de &#8230; <a title=\"Coup de boost au pr\u00eat de mat\u00e9riel BE Larp\" class=\"read-more\" href=\"https:\/\/eggregore.be\/?p=1199\" aria-label=\"Plus sur Coup de boost au pr\u00eat de mat\u00e9riel BE Larp\">Lire plus<\/a><\/div>\n<\/div><\/div>\n<\/div><\/div><\/div>\n<\/div>\n\n<\/div><\/div>\n<\/div><\/div>\n\n<div class=\"gb-container gb-container-15a3eb6b\">\n\n<h3 class=\"gb-headline gb-headline-22b960fb gb-headline-text\">Prochains \u00e9v\u00e9nements<\/h3>\n\n\n<div class=\"wp-block-image\">\n<figure class=\"aligncenter size-large is-resized\"><img loading=\"lazy\" decoding=\"async\" width=\"1024\" height=\"114\" src=\"https:\/\/eggregore.be\/wp-content\/uploads\/2022\/12\/Underline-limit-purple-1024x114.png\" alt=\"\" class=\"wp-image-719\" style=\"width:256px;height:29px\" srcset=\"https:\/\/eggregore.be\/wp-content\/uploads\/2022\/12\/Underline-limit-purple-1024x114.png 1024w, https:\/\/eggregore.be\/wp-content\/uploads\/2022\/12\/Underline-limit-purple-300x33.png 300w, https:\/\/eggregore.be\/wp-content\/uploads\/2022\/12\/Underline-limit-purple-768x85.png 768w, https:\/\/eggregore.be\/wp-content\/uploads\/2022\/12\/Underline-limit-purple.png 1501w\" sizes=\"auto, (max-width: 1024px) 100vw, 1024px\" \/><\/figure>\n<\/div>\n<\/div>\n\n<div class=\"gb-container gb-container-0e06a89d\">\n\n<p class=\"has-text-align-left\"><div id=\"vsel\" class=\"vsel-shortcode vsel-shortcode-upcoming-events\"><p class=\"vsel-no-events\">No events are found.<\/p><\/div><\/p>\n\n<\/div>\n\n<div class=\"gb-container gb-container-59b1105c\"><div class=\"gb-inside-container\">\n\n<h3 class=\"gb-headline gb-headline-461dd37f gb-headline-text\">Les projets<\/h3>\n\n\n<div class=\"wp-block-image\">\n<figure class=\"aligncenter size-large is-resized\"><img loading=\"lazy\" decoding=\"async\" width=\"1024\" height=\"114\" src=\"https:\/\/eggregore.be\/wp-content\/uploads\/2022\/12\/Underline-limit-purple-1024x114.png\" alt=\"\" class=\"wp-image-719\" style=\"width:256px;height:29px\" srcset=\"https:\/\/eggregore.be\/wp-content\/uploads\/2022\/12\/Underline-limit-purple-1024x114.png 1024w, https:\/\/eggregore.be\/wp-content\/uploads\/2022\/12\/Underline-limit-purple-300x33.png 300w, https:\/\/eggregore.be\/wp-content\/uploads\/2022\/12\/Underline-limit-purple-768x85.png 768w, https:\/\/eggregore.be\/wp-content\/uploads\/2022\/12\/Underline-limit-purple.png 1501w\" sizes=\"auto, (max-width: 1024px) 100vw, 1024px\" \/><\/figure>\n<\/div>\n\n\n<div style=\"height:40px\" aria-hidden=\"true\" class=\"wp-block-spacer\"><\/div>\n\n\n\n<div class=\"wp-block-media-text alignwide is-stacked-on-mobile\"><figure class=\"wp-block-media-text__media\"><img loading=\"lazy\" decoding=\"async\" width=\"1024\" height=\"576\" src=\"https:\/\/eggregore.be\/wp-content\/uploads\/2022\/12\/gleve-acti.png\" alt=\"\" class=\"wp-image-799 size-full\" srcset=\"https:\/\/eggregore.be\/wp-content\/uploads\/2022\/12\/gleve-acti.png 1024w, https:\/\/eggregore.be\/wp-content\/uploads\/2022\/12\/gleve-acti-300x169.png 300w, https:\/\/eggregore.be\/wp-content\/uploads\/2022\/12\/gleve-acti-768x432.png 768w\" sizes=\"auto, (max-width: 1024px) 100vw, 1024px\" \/><\/figure><div class=\"wp-block-media-text__content\">\n<h6 class=\"gb-headline gb-headline-9f0007ef gb-headline-text\">Gl&rsquo;\u00e8ve<\/h6>\n\n\n\n<p>GL\u2019\u00c8VE est une initiative qui propose des entra\u00eenements d\u2019escrime ludique en non-mixit\u00e9 f\u00e9minine*.<\/p>\n\n\n\n<p><em><sub>*Les entra\u00eenements mensuels s\u2019adressent \u00e0 toute personne se reconnaissant dans l\u2019identit\u00e9 de femme ou \u00e9tant assign\u00e9\u00b7e femme \u00e0 la naissance.<\/sub><\/em><\/p>\n\n\n\n<div class=\"wp-block-buttons is-layout-flex wp-block-buttons-is-layout-flex\">\n<div class=\"wp-block-button\"><a class=\"wp-block-button__link wp-element-button\" href=\"https:\/\/eggregore.be\/?page_id=841\">En apprendre plus<\/a><\/div>\n<\/div>\n<\/div><\/div>\n\n\n\n<div style=\"height:40px\" aria-hidden=\"true\" class=\"wp-block-spacer\"><\/div>\n\n\n\n<div class=\"wp-block-media-text alignwide is-stacked-on-mobile\"><figure class=\"wp-block-media-text__media\"><img loading=\"lazy\" decoding=\"async\" width=\"620\" height=\"349\" src=\"https:\/\/eggregore.be\/wp-content\/uploads\/bancoufront1.png\" alt=\"\" class=\"wp-image-1242 size-full\" srcset=\"https:\/\/eggregore.be\/wp-content\/uploads\/bancoufront1.png 620w, https:\/\/eggregore.be\/wp-content\/uploads\/bancoufront1-300x169.png 300w\" sizes=\"auto, (max-width: 620px) 100vw, 620px\" \/><\/figure><div class=\"wp-block-media-text__content\">\n<h6 class=\"gb-headline gb-headline-85de389b gb-headline-text\">La Couronne Ebr\u00e9ch\u00e9e<\/h6>\n\n\n\n<p>La Couronne Ebr\u00e9ch\u00e9e est un groupe de joueureuses au mass-LARP V\u00e8me \u00e2ge.<\/p>\n\n\n\n<p><\/p>\n\n\n\n<div class=\"wp-block-buttons is-layout-flex wp-block-buttons-is-layout-flex\">\n<div class=\"wp-block-button\"><a class=\"wp-block-button__link wp-element-button\" href=\"https:\/\/eggregore.be\/?page_id=1193\">En apprendre plus<\/a><\/div>\n<\/div>\n<\/div><\/div>\n\n\n\n<div style=\"height:40px\" aria-hidden=\"true\" class=\"wp-block-spacer\"><\/div>\n\n\n\n<div class=\"wp-block-media-text alignwide is-stacked-on-mobile\"><figure class=\"wp-block-media-text__media\"><img loading=\"lazy\" decoding=\"async\" width=\"1024\" height=\"576\" src=\"https:\/\/eggregore.be\/wp-content\/uploads\/groupecure.png\" alt=\"\" class=\"wp-image-1166 size-full\" srcset=\"https:\/\/eggregore.be\/wp-content\/uploads\/groupecure.png 1024w, https:\/\/eggregore.be\/wp-content\/uploads\/groupecure-300x169.png 300w, https:\/\/eggregore.be\/wp-content\/uploads\/groupecure-768x432.png 768w\" sizes=\"auto, (max-width: 1024px) 100vw, 1024px\" \/><\/figure><div class=\"wp-block-media-text__content\">\n<h6 class=\"gb-headline gb-headline-760d8633 gb-headline-text\">La Cure<\/h6>\n\n\n\n<p>La Cure est un groupe de joueureuses pour le GN mass-larp Ragnarok. Il propose aux participant\u00b7es d&rsquo;incarner des membres d&rsquo;une caravane principalement d\u00e9di\u00e9e \u00e0 la m\u00e9decine.<\/p>\n\n\n\n<div class=\"wp-block-buttons is-layout-flex wp-block-buttons-is-layout-flex\">\n<div class=\"wp-block-button\"><a class=\"wp-block-button__link wp-element-button\" href=\"https:\/\/eggregore.be\/?page_id=1137\">En apprendre plus<\/a><\/div>\n<\/div>\n<\/div><\/div>\n\n\n\n<div style=\"height:40px\" aria-hidden=\"true\" class=\"wp-block-spacer\"><\/div>\n\n\n\n<div class=\"wp-block-media-text alignwide is-stacked-on-mobile\"><figure class=\"wp-block-media-text__media\"><img loading=\"lazy\" decoding=\"async\" width=\"620\" height=\"349\" src=\"https:\/\/eggregore.be\/wp-content\/uploads\/banpage-acceuil.png\" alt=\"\" class=\"wp-image-1453 size-full\" srcset=\"https:\/\/eggregore.be\/wp-content\/uploads\/banpage-acceuil.png 620w, https:\/\/eggregore.be\/wp-content\/uploads\/banpage-acceuil-300x169.png 300w\" sizes=\"auto, (max-width: 620px) 100vw, 620px\" \/><\/figure><div class=\"wp-block-media-text__content\">\n<h6 class=\"gb-headline gb-headline-919da401 gb-headline-text\">LARP Library<\/h6>\n\n\n\n<p>Biblioth\u00e8que num\u00e9rique rassemblant et r\u00e9f\u00e9ren\u00e7ant un maximum de ressources (articles, publications scientifiques, vid\u00e9os, podcasts, tables rondes, guides,&#8230;) li\u00e9es au GN. <\/p>\n\n\n\n<div class=\"wp-block-buttons is-layout-flex wp-block-buttons-is-layout-flex\">\n<div class=\"wp-block-button\"><a class=\"wp-block-button__link wp-element-button\" href=\"http:\/\/larp-library.eggregore.be\" target=\"_blank\" rel=\"noreferrer noopener\">En apprendre plus<\/a><\/div>\n<\/div>\n<\/div><\/div>\n\n\n\n<div style=\"height:40px\" aria-hidden=\"true\" class=\"wp-block-spacer\"><\/div>\n\n\n\n<div class=\"wp-block-media-text alignwide is-stacked-on-mobile\"><figure class=\"wp-block-media-text__media\"><img loading=\"lazy\" decoding=\"async\" width=\"1024\" height=\"576\" src=\"https:\/\/eggregore.be\/wp-content\/uploads\/2022\/12\/Pict-manalhei-acti.png\" alt=\"\" class=\"wp-image-795 size-full\" srcset=\"https:\/\/eggregore.be\/wp-content\/uploads\/2022\/12\/Pict-manalhei-acti.png 1024w, https:\/\/eggregore.be\/wp-content\/uploads\/2022\/12\/Pict-manalhei-acti-300x169.png 300w, https:\/\/eggregore.be\/wp-content\/uploads\/2022\/12\/Pict-manalhei-acti-768x432.png 768w\" sizes=\"auto, (max-width: 1024px) 100vw, 1024px\" \/><\/figure><div class=\"wp-block-media-text__content\">\n<h6 class=\"gb-headline gb-headline-f6d65c8e gb-headline-text\">Manalhei<\/h6>\n\n\n\n<p>Le Royaume de Manalhei est un projet de nation pour le GN mass-larp AVATAR : LIFE 2022. Il proposera aux joueureuses d&rsquo;incarner le membre d&rsquo;une d\u00e9l\u00e9gation lors des grands jeux de la F\u00e9ria.<\/p>\n\n\n\n<div class=\"wp-block-buttons is-layout-flex wp-block-buttons-is-layout-flex\">\n<div class=\"wp-block-button\"><a class=\"wp-block-button__link wp-element-button\" href=\"https:\/\/eggregore.be\/?page_id=1029\">En apprendre plus<\/a><\/div>\n<\/div>\n<\/div><\/div>\n\n\n\n<div style=\"height:40px\" aria-hidden=\"true\" class=\"wp-block-spacer\"><\/div>\n\n\n\n<div class=\"wp-block-media-text alignwide is-stacked-on-mobile\"><figure class=\"wp-block-media-text__media\"><img loading=\"lazy\" decoding=\"async\" width=\"1024\" height=\"576\" src=\"https:\/\/eggregore.be\/wp-content\/uploads\/2022\/12\/RoS-bxl-acti.png\" alt=\"\" class=\"wp-image-794 size-full\" srcset=\"https:\/\/eggregore.be\/wp-content\/uploads\/2022\/12\/RoS-bxl-acti.png 1024w, https:\/\/eggregore.be\/wp-content\/uploads\/2022\/12\/RoS-bxl-acti-300x169.png 300w, https:\/\/eggregore.be\/wp-content\/uploads\/2022\/12\/RoS-bxl-acti-768x432.png 768w\" sizes=\"auto, (max-width: 1024px) 100vw, 1024px\" \/><\/figure><div class=\"wp-block-media-text__content\">\n<h6 class=\"gb-headline gb-headline-7cd635f0 gb-headline-text\">Riddle of steel Bruxelles<\/h6>\n\n\n\n<p>Elle fut cr\u00e9\u00e9e en 1987 par Mark Gilbert en Angleterre. C\u2019est le fruit d\u2019une r\u00e9flexion sur le combat \u00e0 l\u2019arme en latex dans les jeux de r\u00f4les Grandeur Nature. Cependant, \u00e9tant une discipline d\u00e9coulant du \u00ab GN \u00bb, nous ne voulons pas nous d\u00e9faire de l\u2019aspect ludique et s\u00e9curitaire du combat. C\u2019est dans cette optique que nous organisons des cours, non pas pour former des escrimeurs, mais former les gens au travers de leurs d\u00e9sirs, qu\u2019ils soient motiv\u00e9s par l\u2019aspect plus technique, plus ludique ou tout simplement th\u00e9\u00e2tral.<\/p>\n\n\n\n<div class=\"wp-block-buttons is-layout-flex wp-block-buttons-is-layout-flex\">\n<div class=\"wp-block-button\"><a class=\"wp-block-button__link wp-element-button\" href=\"https:\/\/eggregore.be\/?page_id=907\">En apprendre plus<\/a><\/div>\n<\/div>\n<\/div><\/div>\n\n\n\n<div style=\"height:40px\" aria-hidden=\"true\" class=\"wp-block-spacer\"><\/div>\n\n\n\n<div class=\"wp-block-media-text alignwide is-stacked-on-mobile\"><figure class=\"wp-block-media-text__media\"><img loading=\"lazy\" decoding=\"async\" width=\"1024\" height=\"576\" src=\"https:\/\/eggregore.be\/wp-content\/uploads\/2022\/12\/technolaro-acti.png\" alt=\"\" class=\"wp-image-796 size-full\" srcset=\"https:\/\/eggregore.be\/wp-content\/uploads\/2022\/12\/technolaro-acti.png 1024w, https:\/\/eggregore.be\/wp-content\/uploads\/2022\/12\/technolaro-acti-300x169.png 300w, https:\/\/eggregore.be\/wp-content\/uploads\/2022\/12\/technolaro-acti-768x432.png 768w\" sizes=\"auto, (max-width: 1024px) 100vw, 1024px\" \/><\/figure><div class=\"wp-block-media-text__content\">\n<h6 class=\"gb-headline gb-headline-bf155384 gb-headline-text\">TechnoLARP<\/h6>\n\n\n\n<p>Le projet TechnoLarp est un projet de conception de dispositif \u201cclef en main\u201d visant \u00e0 rendre accessible \u00e0 tout organisateur la possibilit\u00e9 d\u2019int\u00e9grer dans son GN des objets de jeu ou d\u00e9cors interactifs reposant sur des moyens \u00e9lectroniques.&nbsp;<\/p>\n\n\n\n<div class=\"wp-block-buttons is-layout-flex wp-block-buttons-is-layout-flex\">\n<div class=\"wp-block-button\"><a class=\"wp-block-button__link wp-element-button\" href=\"https:\/\/eggregore.be\/?page_id=888\">En apprendre plus<\/a><\/div>\n<\/div>\n<\/div><\/div>\n\n<\/div><\/div>\n\n<div class=\"gb-container gb-container-1def110d\">\n\n<p><\/p>\n\n<\/div>","protected":false},"excerpt":{"rendered":"<p>Eggr\u00e9gore ASBL Eggr\u00e9gore (n.m) : concept d\u00e9signant un esprit de groupe influenc\u00e9 par les d\u00e9sirs &#8230; <a title=\"Accueil\" class=\"read-more\" href=\"https:\/\/eggregore.be\/\" aria-label=\"Plus sur Accueil\">Lire plus<\/a><\/p>\n","protected":false},"author":1,"featured_media":0,"parent":0,"menu_order":0,"comment_status":"closed","ping_status":"open","template":"","meta":{"footnotes":""},"class_list":["post-673","page","type-page","status-publish"],"_links":{"self":[{"href":"https:\/\/eggregore.be\/index.php?rest_route=\/wp\/v2\/pages\/673","targetHints":{"allow":["GET"]}}],"collection":[{"href":"https:\/\/eggregore.be\/index.php?rest_route=\/wp\/v2\/pages"}],"about":[{"href":"https:\/\/eggregore.be\/index.php?rest_route=\/wp\/v2\/types\/page"}],"author":[{"embeddable":true,"href":"https:\/\/eggregore.be\/index.php?rest_route=\/wp\/v2\/users\/1"}],"replies":[{"embeddable":true,"href":"https:\/\/eggregore.be\/index.php?rest_route=%2Fwp%2Fv2%2Fcomments&post=673"}],"version-history":[{"count":44,"href":"https:\/\/eggregore.be\/index.php?rest_route=\/wp\/v2\/pages\/673\/revisions"}],"predecessor-version":[{"id":1454,"href":"https:\/\/eggregore.be\/index.php?rest_route=\/wp\/v2\/pages\/673\/revisions\/1454"}],"wp:attachment":[{"href":"https:\/\/eggregore.be\/index.php?rest_route=%2Fwp%2Fv2%2Fmedia&parent=673"}],"curies":[{"name":"wp","href":"https:\/\/api.w.org\/{rel}","templated":true}]}}