{"id":1193,"date":"2024-05-09T08:41:19","date_gmt":"2024-05-09T08:41:19","guid":{"rendered":"https:\/\/eggregore.be\/?page_id=1193"},"modified":"2024-06-24T07:40:52","modified_gmt":"2024-06-24T07:40:52","slug":"la-couronne-ebrechee","status":"publish","type":"page","link":"https:\/\/eggregore.be\/?page_id=1193","title":{"rendered":"La Couronne Ebr\u00e9ch\u00e9e"},"content":{"rendered":"\n<p><\/p>\n\n\n<div class=\"gb-container gb-container-5e687653\"><div class=\"gb-inside-container\">\n<div class=\"gb-grid-wrapper gb-grid-wrapper-668e5acf\">\n<div class=\"gb-grid-column gb-grid-column-3333f3ed\"><div class=\"gb-container gb-container-3333f3ed\"><div class=\"gb-inside-container\">\n\n<h3 class=\"wp-block-heading has-text-align-center\">La Couronne Ebr\u00e9ch\u00e9e<\/h3>\n\n\n<div class=\"gb-container gb-container-42307072\"><div class=\"gb-inside-container\">\n<div class=\"wp-block-image is-style-default\">\n<figure class=\"aligncenter size-large is-resized\"><img loading=\"lazy\" decoding=\"async\" width=\"1024\" height=\"114\" src=\"https:\/\/eggregore.be\/wp-content\/uploads\/2022\/12\/Underline-limit-purple-1024x114.png\" alt=\"\" class=\"wp-image-719\" style=\"width:256px;height:29px\" srcset=\"https:\/\/eggregore.be\/wp-content\/uploads\/2022\/12\/Underline-limit-purple-1024x114.png 1024w, https:\/\/eggregore.be\/wp-content\/uploads\/2022\/12\/Underline-limit-purple-300x33.png 300w, https:\/\/eggregore.be\/wp-content\/uploads\/2022\/12\/Underline-limit-purple-768x85.png 768w, https:\/\/eggregore.be\/wp-content\/uploads\/2022\/12\/Underline-limit-purple.png 1501w\" sizes=\"auto, (max-width: 1024px) 100vw, 1024px\" \/><\/figure>\n<\/div>\n<\/div><\/div>\n\n\n<p class=\"has-medium-font-size\">La Couronne Ebr\u00e9ch\u00e9e est un groupe de joueur\u00b7euses au mass-LARP V\u00e8me \u00e2ge.<\/p>\n\n\n\n<p class=\"has-small-font-size\"><\/p>\n\n<\/div><\/div><\/div>\n\n<div class=\"gb-grid-column gb-grid-column-8dcdece9\"><div class=\"gb-container gb-container-8dcdece9\"><div class=\"gb-inside-container\">\n\n<h6 class=\"gb-headline gb-headline-96b92fa0 gb-headline-text\">Informations pratiques<\/h6>\n\n\n<div class=\"gb-grid-wrapper gb-grid-wrapper-5d9576b4\">\n<div class=\"gb-grid-column gb-grid-column-861229b8\"><div class=\"gb-container gb-container-861229b8\"><div class=\"gb-inside-container\">\n\n<p><strong>Temporalit\u00e9 :<\/strong><\/p>\n\n\n\n<p><strong>Lieu :<\/strong><\/p>\n\n\n\n<p><strong>Contact :<\/strong><\/p>\n\n\n\n<p><strong>Suivre sur les r\u00e9seaux :<\/strong> <\/p>\n\n<\/div><\/div><\/div>\n\n<div class=\"gb-grid-column gb-grid-column-66836a18\"><div class=\"gb-container gb-container-66836a18\"><div class=\"gb-inside-container\">\n\n<p>Une fois par an<\/p>\n\n\n\n<p>Jalhay (Belgique)<\/p>\n\n\n\n<p>remy.florent@hotmail.fr<\/p>\n\n<\/div><\/div><\/div>\n<\/div>\n<\/div><\/div><\/div>\n<\/div>\n<\/div><\/div>\n\n<div class=\"gb-container gb-container-0b692f43\">\n<div class=\"gb-grid-wrapper gb-grid-wrapper-0d63825e\">\n<div class=\"gb-grid-column gb-grid-column-3a6aff76\"><div class=\"gb-container gb-container-3a6aff76\">\n<div class=\"gb-container gb-container-e2b155da\">\n<div class=\"gb-container gb-container-a0466710\">\n<div class=\"wp-block-image\">\n<figure class=\"aligncenter size-full is-resized\"><img loading=\"lazy\" decoding=\"async\" width=\"1024\" height=\"576\" src=\"https:\/\/eggregore.be\/wp-content\/uploads\/Couronne1.png\" alt=\"\" class=\"wp-image-1194\" style=\"object-fit:cover;width:620px;height:349px\" srcset=\"https:\/\/eggregore.be\/wp-content\/uploads\/Couronne1.png 1024w, https:\/\/eggregore.be\/wp-content\/uploads\/Couronne1-300x169.png 300w, https:\/\/eggregore.be\/wp-content\/uploads\/Couronne1-768x432.png 768w\" sizes=\"auto, (max-width: 1024px) 100vw, 1024px\" \/><\/figure>\n<\/div>\n\n\n<div style=\"height:10px\" aria-hidden=\"true\" class=\"wp-block-spacer\"><\/div>\n\n<\/div>\n\n<div class=\"gb-container gb-container-66a34af2\">\n<div class=\"gb-container gb-container-1757c7bc\">\n<div class=\"wp-block-image\">\n<figure class=\"aligncenter size-full is-resized\"><img loading=\"lazy\" decoding=\"async\" width=\"1024\" height=\"576\" src=\"https:\/\/eggregore.be\/wp-content\/uploads\/Vcourronnesiteegg.png\" alt=\"\" class=\"wp-image-1207\" style=\"object-fit:cover;width:620px;height:349px\" srcset=\"https:\/\/eggregore.be\/wp-content\/uploads\/Vcourronnesiteegg.png 1024w, https:\/\/eggregore.be\/wp-content\/uploads\/Vcourronnesiteegg-300x169.png 300w, https:\/\/eggregore.be\/wp-content\/uploads\/Vcourronnesiteegg-768x432.png 768w\" sizes=\"auto, (max-width: 1024px) 100vw, 1024px\" \/><\/figure>\n<\/div>\n\n\n<div style=\"height:10px\" aria-hidden=\"true\" class=\"wp-block-spacer\"><\/div>\n\n<\/div>\n\n<div class=\"wp-block-image\">\n<figure class=\"aligncenter size-large is-resized\"><img loading=\"lazy\" decoding=\"async\" width=\"1024\" height=\"682\" src=\"https:\/\/eggregore.be\/wp-content\/uploads\/0Z1A5192-1-1024x682.jpg\" alt=\"\" class=\"wp-image-1211\" style=\"object-fit:cover;width:620px;height:349px\" srcset=\"https:\/\/eggregore.be\/wp-content\/uploads\/0Z1A5192-1-1024x682.jpg 1024w, https:\/\/eggregore.be\/wp-content\/uploads\/0Z1A5192-1-300x200.jpg 300w, https:\/\/eggregore.be\/wp-content\/uploads\/0Z1A5192-1-768x512.jpg 768w, https:\/\/eggregore.be\/wp-content\/uploads\/0Z1A5192-1.jpg 1397w\" sizes=\"auto, (max-width: 1024px) 100vw, 1024px\" \/><\/figure>\n<\/div>\n<\/div>\n<\/div>\n<\/div><\/div>\n\n<div class=\"gb-grid-column gb-grid-column-882abde1\"><div class=\"gb-container gb-container-882abde1\">\n\n<h2 class=\"wp-block-heading\"><strong>Pr\u00e9sentation en jeu<\/strong><\/h2>\n\n\n\n<p>Mes fr\u00e8res, mes s\u0153urs,<br>Toute notre vie, depuis des g\u00e9n\u00e9rations,<br>Nous avons \u00e9t\u00e9 pourchass\u00e9s<br>Nous avons \u00e9t\u00e9 pers\u00e9cut\u00e9s<br>Ex\u00e9cut\u00e9s par centaines, sur l\u2019autel du C\u00e9leste<br>Et pourquoi&nbsp;?<br>Parce que nos yeux ont vu la v\u00e9rit\u00e9<br>Parce que nos c\u0153urs embrassent la compl\u00e9tude du monde<br>Parce que nos esprits ont refus\u00e9 la confortable ignorance<br>Et que nos \u00e2mes, jamais, n\u2019ont r\u00e9sonn\u00e9 \u00e0 l\u2019appel du tocsin ang\u00e9lique<\/p>\n\n\n\n<p>Non, elles pulsent au rythme mouvant de la Vie,<br>Et la force de cette vibration, la force de notre conviction,<br>Ils l\u2019ont crainte. Ils ont fait de nous des parias.<br>Vaincus, nous f\u00fbmes mis au ban de l\u2019ancien monde.<br>Forc\u00e9s, pour survivre et faire perdurer notre foi,<br>De nous cacher, de jouer le jeu du C\u00e9leste,<br>Attendant, guettant &#8211; sans douter qu\u2019il viendrait &#8211;<br>Le moment de remettre le monde en mouvement.<\/p>\n\n\n\n<p>Mes fr\u00e8res et s\u0153urs,<br>Votre foi, longtemps, fut \u00e9prouv\u00e9e.<br>Depuis que la lumi\u00e8re inerte a \u00e9teint celle, mouvante, de nos dieux\u2026<br>Mais je suis fier de vous.<br>Car ces \u00e9preuves ne furent pas en vain.<br>Car c\u2019est \u00e0 travers vous, \u00e0 travers nous tous, que notre savoir persiste.<br>Nous tous, avons gard\u00e9 rougeoyantes les braises de notre confession.<br>Et le moment est enfin venu de raviver le foyer&nbsp;!<\/p>\n\n\n\n<p>Aujourd\u2019hui, la Couronne Ebr\u00e9ch\u00e9e se met en marche.<br>Les Six grandes Maisons-Liges d\u00e9ploient leurs banni\u00e8res&nbsp;!<br>Elles flotteront \u00e0 nouveau fi\u00e8rement sur ces terres nouvelles<br>Toutes vierges encore de la mainmise tyrannique des cieux&nbsp;!<\/p>\n\n\n\n<p>Venez grandir les rangs des Six,<br>Attisons ensemble les brasiers de la libert\u00e9&nbsp;!<\/p>\n\n\n\n<p><\/p>\n\n<\/div><\/div>\n<\/div>\n<\/div>\n\n<div class=\"gb-container gb-container-6487942b\"><div class=\"gb-inside-container\">\n\n<div class=\"wp-block-media-text alignwide has-media-on-the-right is-stacked-on-mobile\"><div class=\"wp-block-media-text__content\"><div class=\"gb-container gb-container-51f91717\">\n\n<h2 class=\"wp-block-heading\">Pr\u00e9sentation hors-jeu<\/h2>\n\n\n\n<p>Il y a plusieurs si\u00e8cles eut lieu une guerre, opposant les forces du Mouvement et de l\u2019Ordre.<br>De cette derni\u00e8re, l\u2019ordre sortit vainqueur, laissant le Mouvement terriblement affaibli.<\/p>\n\n<\/div>\n\n\n<p>Les survivants du camp vaincu furent pourchass\u00e9s et ex\u00e9cut\u00e9s. N\u00e9anmoins, six grandes maisons nobles man\u0153uvr\u00e8rent intelligemment et r\u00e9ussirent \u00e0 se cacher au sein m\u00eame du nouveau pouvoir mis en place. Li\u00e9es par leur foi et refusant l\u2019Ordre \u00e9tabli, elles form\u00e8rent en secret la Couronne Ebr\u00e9ch\u00e9e, ourdissant patiemment le retour des dieux du Mouvement.<\/p>\n\n\n\n<p>Depuis la guerre, ces familles de nobles tr\u00e8s anciennes ont, de fa\u00e7ade, prouv\u00e9 leur valeur et leur utilit\u00e9 dans le nouvel ordre. Mais lorsque la nuit tombe, et que plus aucune oreille ne tra\u00eene, les fid\u00e8les de la Couronne Ebr\u00e9ch\u00e9e se rassemblent et prient les dieux ancestraux.<\/p>\n\n\n\n<p>Il y a peu, un nouveau continent a \u00e9t\u00e9 d\u00e9couvert. Et, sur ce dernier, les forces des pers\u00e9cuteurs ne sont pas encore \u00e9tablies. Chacune des maisons de la Couronne a donc fait la travers\u00e9e, afin de coloniser ces terres, y voyant une opportunit\u00e9 unique de permettre le retour des anciens dieux.<\/p>\n<\/div><figure class=\"wp-block-media-text__media\"><img loading=\"lazy\" decoding=\"async\" width=\"1024\" height=\"576\" src=\"https:\/\/eggregore.be\/wp-content\/uploads\/Couronne2.png\" alt=\"\" class=\"wp-image-1195 size-full\" srcset=\"https:\/\/eggregore.be\/wp-content\/uploads\/Couronne2.png 1024w, https:\/\/eggregore.be\/wp-content\/uploads\/Couronne2-300x169.png 300w, https:\/\/eggregore.be\/wp-content\/uploads\/Couronne2-768x432.png 768w\" sizes=\"auto, (max-width: 1024px) 100vw, 1024px\" \/><\/figure><\/div>\n\n<\/div><\/div>\n\n<div class=\"gb-container gb-container-cff6670c\"><div class=\"gb-inside-container\">\n\n<div class=\"wp-block-media-text alignwide is-stacked-on-mobile\"><figure class=\"wp-block-media-text__media\"><img loading=\"lazy\" decoding=\"async\" width=\"1024\" height=\"576\" src=\"https:\/\/eggregore.be\/wp-content\/uploads\/vcou2site.png\" alt=\"\" class=\"wp-image-1217 size-full\" srcset=\"https:\/\/eggregore.be\/wp-content\/uploads\/vcou2site.png 1024w, https:\/\/eggregore.be\/wp-content\/uploads\/vcou2site-300x169.png 300w, https:\/\/eggregore.be\/wp-content\/uploads\/vcou2site-768x432.png 768w\" sizes=\"auto, (max-width: 1024px) 100vw, 1024px\" \/><\/figure><div class=\"wp-block-media-text__content\">\n<h2 class=\"wp-block-heading\"><strong>Les documents de r\u00e9f\u00e9rence<\/strong><\/h2>\n\n\n\n<ul class=\"wp-block-list\">\n<li><a href=\"https:\/\/eggregore.be\/wp-content\/uploads\/Courrone-Ebrechee-Note-dintention.rtf\" data-type=\"link\" data-id=\"https:\/\/eggregore.be\/wp-content\/uploads\/Courrone-Ebrechee-Note-dintention.rtf\">Note d&rsquo;intention<\/a><\/li>\n<\/ul>\n\n\n\n<p><\/p>\n<\/div><\/div>\n\n<\/div><\/div>\n\n<div class=\"gb-container gb-container-01be9b13\"><div class=\"gb-inside-container\">\n\n<pre class=\"wp-block-preformatted\"><em>Photos d'illustration et de banni\u00e8re de Ingrid Jacquemart pour Cinqui\u00e8me Age asbl (Recadr\u00e9es pour besoins du site)<\/em><\/pre>\n\n<\/div><\/div>","protected":false},"excerpt":{"rendered":"<p>Pr\u00e9sentation hors-jeu Il y a plusieurs si\u00e8cles eut lieu une guerre, opposant les forces du &#8230; <a title=\"La Couronne Ebr\u00e9ch\u00e9e\" class=\"read-more\" href=\"https:\/\/eggregore.be\/?page_id=1193\" aria-label=\"Plus sur La Couronne Ebr\u00e9ch\u00e9e\">Lire plus<\/a><\/p>\n","protected":false},"author":1,"featured_media":1240,"parent":0,"menu_order":0,"comment_status":"closed","ping_status":"closed","template":"","meta":{"footnotes":""},"class_list":["post-1193","page","type-page","status-publish","has-post-thumbnail"],"_links":{"self":[{"href":"https:\/\/eggregore.be\/index.php?rest_route=\/wp\/v2\/pages\/1193","targetHints":{"allow":["GET"]}}],"collection":[{"href":"https:\/\/eggregore.be\/index.php?rest_route=\/wp\/v2\/pages"}],"about":[{"href":"https:\/\/eggregore.be\/index.php?rest_route=\/wp\/v2\/types\/page"}],"author":[{"embeddable":true,"href":"https:\/\/eggregore.be\/index.php?rest_route=\/wp\/v2\/users\/1"}],"replies":[{"embeddable":true,"href":"https:\/\/eggregore.be\/index.php?rest_route=%2Fwp%2Fv2%2Fcomments&post=1193"}],"version-history":[{"count":24,"href":"https:\/\/eggregore.be\/index.php?rest_route=\/wp\/v2\/pages\/1193\/revisions"}],"predecessor-version":[{"id":1235,"href":"https:\/\/eggregore.be\/index.php?rest_route=\/wp\/v2\/pages\/1193\/revisions\/1235"}],"wp:featuredmedia":[{"embeddable":true,"href":"https:\/\/eggregore.be\/index.php?rest_route=\/wp\/v2\/media\/1240"}],"wp:attachment":[{"href":"https:\/\/eggregore.be\/index.php?rest_route=%2Fwp%2Fv2%2Fmedia&parent=1193"}],"curies":[{"name":"wp","href":"https:\/\/api.w.org\/{rel}","templated":true}]}}